{"id":11,"date":"2025-08-04T13:31:47","date_gmt":"2025-08-04T13:31:47","guid":{"rendered":"http:\/\/jamistrzowskie.pl\/?page_id=11"},"modified":"2025-08-04T13:41:07","modified_gmt":"2025-08-04T13:41:07","slug":"zwroty","status":"publish","type":"page","link":"https:\/\/jamistrzowskie.pl\/index.php\/home\/zwroty\/","title":{"rendered":"Polityka zwrot\u00f3w"},"content":{"rendered":"\t\t<div data-elementor-type=\"wp-page\" data-elementor-id=\"11\" class=\"elementor elementor-11\">\n\t\t\t\t<div class=\"elementor-element elementor-element-7426b60c e-flex e-con-boxed e-con e-parent\" data-id=\"7426b60c\" data-element_type=\"container\" data-e-type=\"container\">\n\t\t\t\t\t<div class=\"e-con-inner\">\n\t\t\t\t<div class=\"elementor-element elementor-element-28df8661 elementor-widget elementor-widget-text-editor\" data-id=\"28df8661\" data-element_type=\"widget\" data-e-type=\"widget\" data-widget_type=\"text-editor.default\">\n\t\t\t\t\t\t\t\t\t<p><\/p>\n<p>W moim sklepie polityka zwrot\u00f3w jest bardzo prosta i wynika z zastosowania \u017celaznej gwarancji.<\/p>\n<p><\/p>\n<p>Je\u017celi jeste\u015b niezadowolony z produktu, to napisz do mnie e-maila (w dowolnym momencie) na adres rafalpanas@rafalpanas.pl.<\/p>\n<p><\/p>\n<p>Otrzymasz zwrot pe\u0142nej kwoty &#8211; bez zadawania pyta\u0144. Gwarantuj\u0119!<\/p>\n<p><\/p>\n<p><\/p>\t\t\t\t\t\t\t\t<\/div>\n\t\t\t\t\t<\/div>\n\t\t\t\t<\/div>\n\t\t<div class=\"elementor-element elementor-element-1930de0 e-flex e-con-boxed e-con e-parent\" data-id=\"1930de0\" data-element_type=\"container\" data-e-type=\"container\">\n\t\t\t\t\t<div class=\"e-con-inner\">\n\t\t\t\t<div class=\"elementor-element elementor-element-27a1a31 elementor-widget elementor-widget-image\" data-id=\"27a1a31\" data-element_type=\"widget\" data-e-type=\"widget\" data-widget_type=\"image.default\">\n\t\t\t\t\t\t\t\t\t\t\t\t\t\t\t<img decoding=\"async\" width=\"300\" height=\"87\" src=\"https:\/\/jamistrzowskie.pl\/wp-content\/uploads\/2025\/08\/podpis-300x87.jpg\" class=\"attachment-medium size-medium wp-image-197\" alt=\"\" srcset=\"https:\/\/jamistrzowskie.pl\/wp-content\/uploads\/2025\/08\/podpis-300x87.jpg 300w, https:\/\/jamistrzowskie.pl\/wp-content\/uploads\/2025\/08\/podpis.jpg 446w\" sizes=\"(max-width: 300px) 100vw, 300px\" \/>\t\t\t\t\t\t\t\t\t\t\t\t\t\t\t<\/div>\n\t\t\t\t\t<\/div>\n\t\t\t\t<\/div>\n\t\t\t\t<\/div>\n\t\t","protected":false},"excerpt":{"rendered":"<p>W moim sklepie polityka zwrot\u00f3w jest bardzo prosta i wynika z zastosowania \u017celaznej gwarancji. Je\u017celi jeste\u015b niezadowolony z produktu, to napisz do mnie e-maila (w dowolnym momencie) na adres rafalpanas@rafalpanas.pl. Otrzymasz zwrot pe\u0142nej kwoty &#8211; bez zadawania pyta\u0144. Gwarantuj\u0119!<\/p>\n","protected":false},"author":1,"featured_media":0,"parent":98,"menu_order":0,"comment_status":"closed","ping_status":"closed","template":"","meta":{"footnotes":""},"class_list":["post-11","page","type-page","status-publish","hentry"],"_links":{"self":[{"href":"https:\/\/jamistrzowskie.pl\/index.php\/wp-json\/wp\/v2\/pages\/11","targetHints":{"allow":["GET"]}}],"collection":[{"href":"https:\/\/jamistrzowskie.pl\/index.php\/wp-json\/wp\/v2\/pages"}],"about":[{"href":"https:\/\/jamistrzowskie.pl\/index.php\/wp-json\/wp\/v2\/types\/page"}],"author":[{"embeddable":true,"href":"https:\/\/jamistrzowskie.pl\/index.php\/wp-json\/wp\/v2\/users\/1"}],"replies":[{"embeddable":true,"href":"https:\/\/jamistrzowskie.pl\/index.php\/wp-json\/wp\/v2\/comments?post=11"}],"version-history":[{"count":5,"href":"https:\/\/jamistrzowskie.pl\/index.php\/wp-json\/wp\/v2\/pages\/11\/revisions"}],"predecessor-version":[{"id":201,"href":"https:\/\/jamistrzowskie.pl\/index.php\/wp-json\/wp\/v2\/pages\/11\/revisions\/201"}],"up":[{"embeddable":true,"href":"https:\/\/jamistrzowskie.pl\/index.php\/wp-json\/wp\/v2\/pages\/98"}],"wp:attachment":[{"href":"https:\/\/jamistrzowskie.pl\/index.php\/wp-json\/wp\/v2\/media?parent=11"}],"curies":[{"name":"wp","href":"https:\/\/api.w.org\/{rel}","templated":true}]}}